{"id":1218,"date":"2024-06-04T10:55:23","date_gmt":"2024-06-04T08:55:23","guid":{"rendered":"https:\/\/dmtlogistic.pl\/ue\/"},"modified":"2024-06-04T10:55:23","modified_gmt":"2024-06-04T08:55:23","slug":"ue","status":"publish","type":"page","link":"https:\/\/dmtlogistic.pl\/en\/ue\/","title":{"rendered":"Unia Europejska"},"content":{"rendered":"","protected":false},"excerpt":{"rendered":"","protected":false},"author":2,"featured_media":1220,"parent":0,"menu_order":0,"comment_status":"closed","ping_status":"closed","template":"","meta":{"_acf_changed":false,"inline_featured_image":false,"footnotes":""},"class_list":["post-1218","page","type-page","status-publish","has-post-thumbnail","hentry"],"acf":[],"yoast_head":"<!-- This site is optimized with the Yoast SEO plugin v27.0 - https:\/\/yoast.com\/product\/yoast-seo-wordpress\/ -->\n<title>Unia Europejska &#8211; D.M.T. Logistics Hub<\/title>\n<meta name=\"robots\" content=\"index, follow, max-snippet:-1, max-image-preview:large, max-video-preview:-1\" \/>\n<link rel=\"canonical\" href=\"https:\/\/dmtlogistic.pl\/en\/ue\/\" \/>\n<meta property=\"og:locale\" content=\"en_US\" \/>\n<meta property=\"og:type\" content=\"article\" \/>\n<meta property=\"og:title\" content=\"Unia Europejska &#8211; D.M.T. Logistics Hub\" \/>\n<meta property=\"og:url\" content=\"https:\/\/dmtlogistic.pl\/en\/ue\/\" \/>\n<meta property=\"og:site_name\" content=\"D.M.T. Logistics Hub\" \/>\n<meta name=\"twitter:card\" content=\"summary_large_image\" \/>\n<!-- \/ Yoast SEO plugin. -->","yoast_head_json":{"title":"Unia Europejska &#8211; D.M.T. Logistics Hub","robots":{"index":"index","follow":"follow","max-snippet":"max-snippet:-1","max-image-preview":"max-image-preview:large","max-video-preview":"max-video-preview:-1"},"canonical":"https:\/\/dmtlogistic.pl\/en\/ue\/","og_locale":"en_US","og_type":"article","og_title":"Unia Europejska &#8211; D.M.T. Logistics Hub","og_url":"https:\/\/dmtlogistic.pl\/en\/ue\/","og_site_name":"D.M.T. Logistics Hub","twitter_card":"summary_large_image","schema":{"@context":"https:\/\/schema.org","@graph":[{"@type":"WebPage","@id":"https:\/\/dmtlogistic.pl\/en\/ue\/","url":"https:\/\/dmtlogistic.pl\/en\/ue\/","name":"Unia Europejska &#8211; D.M.T. Logistics Hub","isPartOf":{"@id":"https:\/\/dmtlogistic.pl\/#website"},"primaryImageOfPage":{"@id":"https:\/\/dmtlogistic.pl\/en\/ue\/#primaryimage"},"image":{"@id":"https:\/\/dmtlogistic.pl\/en\/ue\/#primaryimage"},"thumbnailUrl":"https:\/\/dmtlogistic.pl\/wp-content\/uploads\/2024\/06\/055-1-scaled.jpg","datePublished":"2024-06-04T08:55:23+00:00","breadcrumb":{"@id":"https:\/\/dmtlogistic.pl\/en\/ue\/#breadcrumb"},"inLanguage":"en-US","potentialAction":[{"@type":"ReadAction","target":["https:\/\/dmtlogistic.pl\/en\/ue\/"]}]},{"@type":"ImageObject","inLanguage":"en-US","@id":"https:\/\/dmtlogistic.pl\/en\/ue\/#primaryimage","url":"https:\/\/dmtlogistic.pl\/wp-content\/uploads\/2024\/06\/055-1-scaled.jpg","contentUrl":"https:\/\/dmtlogistic.pl\/wp-content\/uploads\/2024\/06\/055-1-scaled.jpg","width":2560,"height":579},{"@type":"BreadcrumbList","@id":"https:\/\/dmtlogistic.pl\/en\/ue\/#breadcrumb","itemListElement":[{"@type":"ListItem","position":1,"name":"Strona g\u0142\u00f3wna","item":"https:\/\/dmtlogistic.pl\/en\/"},{"@type":"ListItem","position":2,"name":"Unia Europejska"}]},{"@type":"WebSite","@id":"https:\/\/dmtlogistic.pl\/#website","url":"https:\/\/dmtlogistic.pl\/","name":"DMTLogistic","description":"Dzia\u0142amy dla Twojego sukcesu biznesowego. Gwarantujemy efektywne rozwi\u0105zania z zakresu pe\u0142nej obs\u0142ugi logistycznej i magazynowej.","alternateName":"DMTLogistic","potentialAction":[{"@type":"SearchAction","target":{"@type":"EntryPoint","urlTemplate":"https:\/\/dmtlogistic.pl\/?s={search_term_string}"},"query-input":{"@type":"PropertyValueSpecification","valueRequired":true,"valueName":"search_term_string"}}],"inLanguage":"en-US"}]}},"_links":{"self":[{"href":"https:\/\/dmtlogistic.pl\/en\/wp-json\/wp\/v2\/pages\/1218","targetHints":{"allow":["GET"]}}],"collection":[{"href":"https:\/\/dmtlogistic.pl\/en\/wp-json\/wp\/v2\/pages"}],"about":[{"href":"https:\/\/dmtlogistic.pl\/en\/wp-json\/wp\/v2\/types\/page"}],"author":[{"embeddable":true,"href":"https:\/\/dmtlogistic.pl\/en\/wp-json\/wp\/v2\/users\/2"}],"replies":[{"embeddable":true,"href":"https:\/\/dmtlogistic.pl\/en\/wp-json\/wp\/v2\/comments?post=1218"}],"version-history":[{"count":0,"href":"https:\/\/dmtlogistic.pl\/en\/wp-json\/wp\/v2\/pages\/1218\/revisions"}],"wp:featuredmedia":[{"embeddable":true,"href":"https:\/\/dmtlogistic.pl\/en\/wp-json\/wp\/v2\/media\/1220"}],"wp:attachment":[{"href":"https:\/\/dmtlogistic.pl\/en\/wp-json\/wp\/v2\/media?parent=1218"}],"curies":[{"name":"wp","href":"https:\/\/api.w.org\/{rel}","templated":true}]}}